{"id":91,"date":"2025-03-23T15:50:12","date_gmt":"2025-03-23T15:50:12","guid":{"rendered":"https:\/\/logopaedie-hobel.at\/demo\/?page_id=91"},"modified":"2026-03-13T10:52:52","modified_gmt":"2026-03-13T10:52:52","slug":"leistungen","status":"publish","type":"page","link":"https:\/\/logopaedie-hobel.at\/index.php\/leistungen\/","title":{"rendered":"Leistungen"},"content":{"rendered":"\n<h2 class=\"wp-block-heading\">Therapieangebote f\u00fcr Kinder<\/h2>\n\n\n\n<div class=\"wp-block-group is-layout-grid wp-container-core-group-is-layout-478b6e6b wp-block-group-is-layout-grid\">\n<figure class=\"wp-block-image size-large wp-container-content-69bc4bdf\"><img fetchpriority=\"high\" decoding=\"async\" width=\"1024\" height=\"683\" src=\"https:\/\/logopaedie-hobel.at\/demo\/wp-content\/uploads\/2025\/03\/20250206-DSC01687-1024x683.jpg\" alt=\"\" class=\"wp-image-95\" srcset=\"https:\/\/logopaedie-hobel.at\/wp-content\/uploads\/2025\/03\/20250206-DSC01687-1024x683.jpg 1024w, https:\/\/logopaedie-hobel.at\/wp-content\/uploads\/2025\/03\/20250206-DSC01687-300x200.jpg 300w, https:\/\/logopaedie-hobel.at\/wp-content\/uploads\/2025\/03\/20250206-DSC01687-768x512.jpg 768w, https:\/\/logopaedie-hobel.at\/wp-content\/uploads\/2025\/03\/20250206-DSC01687-1536x1024.jpg 1536w, https:\/\/logopaedie-hobel.at\/wp-content\/uploads\/2025\/03\/20250206-DSC01687-2048x1365.jpg 2048w\" sizes=\"(max-width: 1024px) 100vw, 1024px\" \/><\/figure>\n\n\n\n<figure class=\"wp-block-image size-large\"><img decoding=\"async\" width=\"1024\" height=\"683\" src=\"https:\/\/logopaedie-hobel.at\/demo\/wp-content\/uploads\/2025\/03\/20250206-DSC01570-1024x683.jpg\" alt=\"\" class=\"wp-image-96\" srcset=\"https:\/\/logopaedie-hobel.at\/wp-content\/uploads\/2025\/03\/20250206-DSC01570-1024x683.jpg 1024w, https:\/\/logopaedie-hobel.at\/wp-content\/uploads\/2025\/03\/20250206-DSC01570-300x200.jpg 300w, https:\/\/logopaedie-hobel.at\/wp-content\/uploads\/2025\/03\/20250206-DSC01570-768x512.jpg 768w, https:\/\/logopaedie-hobel.at\/wp-content\/uploads\/2025\/03\/20250206-DSC01570-1536x1024.jpg 1536w, https:\/\/logopaedie-hobel.at\/wp-content\/uploads\/2025\/03\/20250206-DSC01570-2048x1365.jpg 2048w\" sizes=\"(max-width: 1024px) 100vw, 1024px\" \/><\/figure>\n\n\n\n<figure class=\"wp-block-image size-large\"><img decoding=\"async\" width=\"1024\" height=\"682\" src=\"https:\/\/logopaedie-hobel.at\/demo\/wp-content\/uploads\/2025\/03\/20250206-DSC01708-1-1024x682.jpg\" alt=\"\" class=\"wp-image-98\" srcset=\"https:\/\/logopaedie-hobel.at\/wp-content\/uploads\/2025\/03\/20250206-DSC01708-1-1024x682.jpg 1024w, https:\/\/logopaedie-hobel.at\/wp-content\/uploads\/2025\/03\/20250206-DSC01708-1-300x200.jpg 300w, https:\/\/logopaedie-hobel.at\/wp-content\/uploads\/2025\/03\/20250206-DSC01708-1-768x512.jpg 768w, https:\/\/logopaedie-hobel.at\/wp-content\/uploads\/2025\/03\/20250206-DSC01708-1-1536x1024.jpg 1536w, https:\/\/logopaedie-hobel.at\/wp-content\/uploads\/2025\/03\/20250206-DSC01708-1-2048x1365.jpg 2048w\" sizes=\"(max-width: 1024px) 100vw, 1024px\" \/><\/figure>\n<\/div>\n\n\n\n<p>Wir unterst\u00fctzen Kinder dabei, ihre sprachlichen F\u00e4higkeiten altersgerecht zu entwickeln. Dabei arbeiten wir mit spielerischen Methoden, die auf die individuellen Bed\u00fcrfnisse des Kindes abgestimmt sind<\/p>\n\n\n\n<h3 class=\"wp-block-heading\">Behandlungsbereiche<\/h3>\n\n\n\n<ul class=\"wp-block-list\">\n<li>Sprachentwicklungsst\u00f6rungen, Sprachentwicklungsverz\u00f6gerungen<\/li>\n\n\n\n<li>Aussprachest\u00f6rungen<\/li>\n\n\n\n<li>Myofunktionelle St\u00f6rungen (z.B. bei Zahnfehlstellungen, falsches Schluckmuster)<\/li>\n\n\n\n<li>Stottern und Poltern<\/li>\n\n\n\n<li>Stimmst\u00f6rungen<\/li>\n<\/ul>\n\n\n\n<h2 class=\"wp-block-heading\">Therapieangebote f\u00fcr Erwachsene<\/h2>\n\n\n\n<div class=\"wp-block-group is-layout-grid wp-container-core-group-is-layout-478b6e6b wp-block-group-is-layout-grid\">\n<figure class=\"wp-block-image size-large\"><img loading=\"lazy\" decoding=\"async\" width=\"1024\" height=\"683\" src=\"https:\/\/logopaedie-hobel.at\/demo\/wp-content\/uploads\/2025\/03\/20250206-DSC02084-1024x683.jpg\" alt=\"\" class=\"wp-image-100\" srcset=\"https:\/\/logopaedie-hobel.at\/wp-content\/uploads\/2025\/03\/20250206-DSC02084-1024x683.jpg 1024w, https:\/\/logopaedie-hobel.at\/wp-content\/uploads\/2025\/03\/20250206-DSC02084-300x200.jpg 300w, https:\/\/logopaedie-hobel.at\/wp-content\/uploads\/2025\/03\/20250206-DSC02084-768x512.jpg 768w, https:\/\/logopaedie-hobel.at\/wp-content\/uploads\/2025\/03\/20250206-DSC02084-1536x1024.jpg 1536w, https:\/\/logopaedie-hobel.at\/wp-content\/uploads\/2025\/03\/20250206-DSC02084-2048x1365.jpg 2048w\" sizes=\"(max-width: 1024px) 100vw, 1024px\" \/><\/figure>\n\n\n\n<figure class=\"wp-block-image size-large\"><img loading=\"lazy\" decoding=\"async\" width=\"1024\" height=\"683\" src=\"https:\/\/logopaedie-hobel.at\/demo\/wp-content\/uploads\/2025\/03\/20250206-DSC01901-1024x683.jpg\" alt=\"\" class=\"wp-image-101\" srcset=\"https:\/\/logopaedie-hobel.at\/wp-content\/uploads\/2025\/03\/20250206-DSC01901-1024x683.jpg 1024w, https:\/\/logopaedie-hobel.at\/wp-content\/uploads\/2025\/03\/20250206-DSC01901-300x200.jpg 300w, https:\/\/logopaedie-hobel.at\/wp-content\/uploads\/2025\/03\/20250206-DSC01901-768x512.jpg 768w, https:\/\/logopaedie-hobel.at\/wp-content\/uploads\/2025\/03\/20250206-DSC01901-1536x1024.jpg 1536w, https:\/\/logopaedie-hobel.at\/wp-content\/uploads\/2025\/03\/20250206-DSC01901-2048x1365.jpg 2048w\" sizes=\"(max-width: 1024px) 100vw, 1024px\" \/><\/figure>\n\n\n\n<figure class=\"wp-block-image size-large\"><img loading=\"lazy\" decoding=\"async\" width=\"1024\" height=\"683\" src=\"https:\/\/logopaedie-hobel.at\/demo\/wp-content\/uploads\/2025\/03\/20250206-DSC02057-1024x683.jpg\" alt=\"\" class=\"wp-image-102\" srcset=\"https:\/\/logopaedie-hobel.at\/wp-content\/uploads\/2025\/03\/20250206-DSC02057-1024x683.jpg 1024w, https:\/\/logopaedie-hobel.at\/wp-content\/uploads\/2025\/03\/20250206-DSC02057-300x200.jpg 300w, https:\/\/logopaedie-hobel.at\/wp-content\/uploads\/2025\/03\/20250206-DSC02057-768x512.jpg 768w, https:\/\/logopaedie-hobel.at\/wp-content\/uploads\/2025\/03\/20250206-DSC02057-1536x1024.jpg 1536w, https:\/\/logopaedie-hobel.at\/wp-content\/uploads\/2025\/03\/20250206-DSC02057-2048x1366.jpg 2048w\" sizes=\"(max-width: 1024px) 100vw, 1024px\" \/><\/figure>\n<\/div>\n\n\n\n<p>Auch Erwachsene k\u00f6nnen im Laufe ihres Lebens logop\u00e4dische Unterst\u00fctzung ben\u00f6tigen \u2013 sei es durch Erkrankungen, Unf\u00e4lle oder altersbedingte Ver\u00e4nderungen. Ich biete gezielte Therapieans\u00e4tze, um den Alltag durch verbesserte Kommunikation zu erleichtern.<\/p>\n\n\n\n<ul class=\"wp-block-list\">\n<li>Sprachst\u00f6rungen nach Schlaganfall (z. B. Aphasie)<\/li>\n\n\n\n<li>Sprechst\u00f6rungen (z. B. Dysarthrie, Sprechapraxie)<\/li>\n\n\n\n<li>Stimmst\u00f6rungen (z.B. Heiserkeit, Stimmbandprobleme, \u00dcberbelastung, organische Ursachen)<\/li>\n\n\n\n<li>Schluckst\u00f6rungen (Dysphagie)<\/li>\n\n\n\n<li>Myofunktionelle St\u00f6rungen<\/li>\n<\/ul>\n\n\n\n<h2 class=\"wp-block-heading\">Preise und Kosten\u00fcbernahme<\/h2>\n\n\n\n<p>Wir bieten transparente Preise f\u00fcr unsere logop\u00e4dischen Leistungen. Als<br><strong>Wahllogop\u00e4dinnen <\/strong>erfolgt die Abrechnung zun\u00e4chst direkt mit uns. Sie erhalten von uns eine detaillierte Honorarnote, die Sie anschlie\u00dfend zur Kostenerstattung bei Ihrer Krankenkasse oder privaten  Krankenversicherung einreichen k\u00f6nnen. Die Einreichung der Honorarnoten bei den gesetzlichen Krankenkassen \u00fcbernehmen wir nach Absprache gerne f\u00fcr Sie.<\/p>\n\n\n\n<h3 class=\"wp-block-heading\">Tarife<\/h3>\n\n\n\n<ul class=\"wp-block-list\">\n<li><strong>Logop\u00e4dische Behandlung (60 Minuten)<\/strong>: 107 Euro<\/li>\n\n\n\n<li><strong>Logop\u00e4dische Behandlung (30 Minuten)<\/strong>: 67 Euro<\/li>\n\n\n\n<li><strong>Hausbesuchspauschale:<\/strong> 35 Euro<\/li>\n\n\n\n<li><strong>Kilometerpauschale:<\/strong> 0,50 Euro pro Kilometer<\/li>\n\n\n\n<li><strong>Befunderstellung:<\/strong> 85 Euro<\/li>\n\n\n\n<li><strong>Logop\u00e4dische Behandlung KIGA (45 Minuten): <\/strong>90 Euro<\/li>\n<\/ul>\n\n\n\n<h3 class=\"wp-block-heading\">Haben Sie Fragen zur Abrechnung?<\/h3>\n\n\n\n<p>Gerne unterst\u00fctzen wir Sie bei der Einreichung Ihrer Honorarnote bei Ihrer Krankenkasse und kl\u00e4ren offene Fragen zur Kostenr\u00fcckerstattung. Sprechen Sie uns einfach an! <\/p>\n\n\n\n<p><\/p>\n","protected":false},"excerpt":{"rendered":"<p>Therapieangebote f\u00fcr Kinder Wir unterst\u00fctzen Kinder dabei, ihre sprachlichen F\u00e4higkeiten altersgerecht zu entwickeln. Dabei arbeiten wir mit spielerischen Methoden, die auf die individuellen Bed\u00fcrfnisse des Kindes abgestimmt sind Behandlungsbereiche Therapieangebote f\u00fcr Erwachsene Auch Erwachsene k\u00f6nnen im Laufe ihres Lebens logop\u00e4dische Unterst\u00fctzung ben\u00f6tigen \u2013 sei es durch Erkrankungen, Unf\u00e4lle oder altersbedingte Ver\u00e4nderungen. Ich biete gezielte Therapieans\u00e4tze, [&hellip;]<\/p>\n","protected":false},"author":1,"featured_media":0,"parent":0,"menu_order":0,"comment_status":"closed","ping_status":"closed","template":"","meta":{"footnotes":""},"class_list":["post-91","page","type-page","status-publish","hentry"],"aioseo_notices":[],"_links":{"self":[{"href":"https:\/\/logopaedie-hobel.at\/index.php\/wp-json\/wp\/v2\/pages\/91","targetHints":{"allow":["GET"]}}],"collection":[{"href":"https:\/\/logopaedie-hobel.at\/index.php\/wp-json\/wp\/v2\/pages"}],"about":[{"href":"https:\/\/logopaedie-hobel.at\/index.php\/wp-json\/wp\/v2\/types\/page"}],"author":[{"embeddable":true,"href":"https:\/\/logopaedie-hobel.at\/index.php\/wp-json\/wp\/v2\/users\/1"}],"replies":[{"embeddable":true,"href":"https:\/\/logopaedie-hobel.at\/index.php\/wp-json\/wp\/v2\/comments?post=91"}],"version-history":[{"count":11,"href":"https:\/\/logopaedie-hobel.at\/index.php\/wp-json\/wp\/v2\/pages\/91\/revisions"}],"predecessor-version":[{"id":211,"href":"https:\/\/logopaedie-hobel.at\/index.php\/wp-json\/wp\/v2\/pages\/91\/revisions\/211"}],"wp:attachment":[{"href":"https:\/\/logopaedie-hobel.at\/index.php\/wp-json\/wp\/v2\/media?parent=91"}],"curies":[{"name":"wp","href":"https:\/\/api.w.org\/{rel}","templated":true}]}}