{"id":60,"date":"2025-01-15T11:56:07","date_gmt":"2025-01-15T11:56:07","guid":{"rendered":"https:\/\/logopaedie-hobel.at\/demo\/?page_id=60"},"modified":"2026-03-13T10:59:52","modified_gmt":"2026-03-13T10:59:52","slug":"kontakt","status":"publish","type":"page","link":"https:\/\/logopaedie-hobel.at\/index.php\/kontakt\/","title":{"rendered":"Kontakt"},"content":{"rendered":"\t\t<div data-elementor-type=\"wp-page\" data-elementor-id=\"60\" class=\"elementor elementor-60\">\n\t\t\t\t<div class=\"elementor-element elementor-element-f330d7d e-flex e-con-boxed e-con e-parent\" data-id=\"f330d7d\" data-element_type=\"container\">\n\t\t\t\t\t<div class=\"e-con-inner\">\n\t\t\t\t<div class=\"elementor-element elementor-element-b5c9b2b elementor-widget elementor-widget-google_maps\" data-id=\"b5c9b2b\" data-element_type=\"widget\" data-widget_type=\"google_maps.default\">\n\t\t\t\t<div class=\"elementor-widget-container\">\n\t\t\t\t\t\t\t<div class=\"elementor-custom-embed\">\n\t\t\t<iframe loading=\"lazy\"\n\t\t\t\t\tsrc=\"https:\/\/maps.google.com\/maps?q=Kirchweg%204%2C%209122%20St.Kanzian&#038;t=m&#038;z=13&#038;output=embed&#038;iwloc=near\"\n\t\t\t\t\ttitle=\"Kirchweg 4, 9122 St.Kanzian\"\n\t\t\t\t\taria-label=\"Kirchweg 4, 9122 St.Kanzian\"\n\t\t\t><\/iframe>\n\t\t<\/div>\n\t\t\t\t\t\t<\/div>\n\t\t\t\t<\/div>\n\t\t\t\t\t<\/div>\n\t\t\t\t<\/div>\n\t\t<div class=\"elementor-element elementor-element-b691ac4 e-flex e-con-boxed e-con e-parent\" data-id=\"b691ac4\" data-element_type=\"container\">\n\t\t\t\t\t<div class=\"e-con-inner\">\n\t\t\t\t<div class=\"elementor-element elementor-element-88b5a03 elementor-align-left elementor-list-item-link-full_width elementor-widget elementor-widget-icon-list\" data-id=\"88b5a03\" data-element_type=\"widget\" data-widget_type=\"icon-list.default\">\n\t\t\t\t<div class=\"elementor-widget-container\">\n\t\t\t\t\t\t\t<ul class=\"elementor-icon-list-items\">\n\t\t\t\t\t\t\t<li class=\"elementor-icon-list-item\">\n\t\t\t\t\t\t\t\t\t\t\t<span class=\"elementor-icon-list-icon\">\n\t\t\t\t\t\t\t<svg aria-hidden=\"true\" class=\"e-font-icon-svg e-fas-phone\" viewBox=\"0 0 512 512\" xmlns=\"http:\/\/www.w3.org\/2000\/svg\"><path d=\"M493.4 24.6l-104-24c-11.3-2.6-22.9 3.3-27.5 13.9l-48 112c-4.2 9.8-1.4 21.3 6.9 28l60.6 49.6c-36 76.7-98.9 140.5-177.2 177.2l-49.6-60.6c-6.8-8.3-18.2-11.1-28-6.9l-112 48C3.9 366.5-2 378.1.6 389.4l24 104C27.1 504.2 36.7 512 48 512c256.1 0 464-207.5 464-464 0-11.2-7.7-20.9-18.6-23.4z\"><\/path><\/svg>\t\t\t\t\t\t<\/span>\n\t\t\t\t\t\t\t\t\t\t<span class=\"elementor-icon-list-text\">+43 676 9435626<\/span>\n\t\t\t\t\t\t\t\t\t<\/li>\n\t\t\t\t\t\t\t\t<li class=\"elementor-icon-list-item\">\n\t\t\t\t\t\t\t\t\t\t\t<span class=\"elementor-icon-list-icon\">\n\t\t\t\t\t\t\t<svg aria-hidden=\"true\" class=\"e-font-icon-svg e-far-envelope\" viewBox=\"0 0 512 512\" xmlns=\"http:\/\/www.w3.org\/2000\/svg\"><path d=\"M464 64H48C21.49 64 0 85.49 0 112v288c0 26.51 21.49 48 48 48h416c26.51 0 48-21.49 48-48V112c0-26.51-21.49-48-48-48zm0 48v40.805c-22.422 18.259-58.168 46.651-134.587 106.49-16.841 13.247-50.201 45.072-73.413 44.701-23.208.375-56.579-31.459-73.413-44.701C106.18 199.465 70.425 171.067 48 152.805V112h416zM48 400V214.398c22.914 18.251 55.409 43.862 104.938 82.646 21.857 17.205 60.134 55.186 103.062 54.955 42.717.231 80.509-37.199 103.053-54.947 49.528-38.783 82.032-64.401 104.947-82.653V400H48z\"><\/path><\/svg>\t\t\t\t\t\t<\/span>\n\t\t\t\t\t\t\t\t\t\t<span class=\"elementor-icon-list-text\">jasmin@logopaedie-hobel.at<\/span>\n\t\t\t\t\t\t\t\t\t<\/li>\n\t\t\t\t\t\t\t\t<li class=\"elementor-icon-list-item\">\n\t\t\t\t\t\t\t\t\t\t\t<span class=\"elementor-icon-list-icon\">\n\t\t\t\t\t\t\t<svg aria-hidden=\"true\" class=\"e-font-icon-svg e-fas-map-pin\" viewBox=\"0 0 288 512\" xmlns=\"http:\/\/www.w3.org\/2000\/svg\"><path d=\"M112 316.94v156.69l22.02 33.02c4.75 7.12 15.22 7.12 19.97 0L176 473.63V316.94c-10.39 1.92-21.06 3.06-32 3.06s-21.61-1.14-32-3.06zM144 0C64.47 0 0 64.47 0 144s64.47 144 144 144 144-64.47 144-144S223.53 0 144 0zm0 76c-37.5 0-68 30.5-68 68 0 6.62-5.38 12-12 12s-12-5.38-12-12c0-50.73 41.28-92 92-92 6.62 0 12 5.38 12 12s-5.38 12-12 12z\"><\/path><\/svg>\t\t\t\t\t\t<\/span>\n\t\t\t\t\t\t\t\t\t\t<span class=\"elementor-icon-list-text\">Kirchweg 4, 9122 St.Kanzian am Klopeiner See<\/span>\n\t\t\t\t\t\t\t\t\t<\/li>\n\t\t\t\t\t\t<\/ul>\n\t\t\t\t\t\t<\/div>\n\t\t\t\t<\/div>\n\t\t\t\t\t<\/div>\n\t\t\t\t<\/div>\n\t\t<div class=\"elementor-element elementor-element-c79c4d8 e-flex e-con-boxed e-con e-parent\" data-id=\"c79c4d8\" data-element_type=\"container\">\n\t\t\t\t\t<div class=\"e-con-inner\">\n\t\t\t\t<div class=\"elementor-element elementor-element-66b48bd elementor-widget elementor-widget-text-editor\" data-id=\"66b48bd\" data-element_type=\"widget\" data-widget_type=\"text-editor.default\">\n\t\t\t\t<div class=\"elementor-widget-container\">\n\t\t\t\t\t\t\t\t\t<h4><strong>Terminvereinbarung<\/strong><\/h4>\n<p>Termine in unserer Praxis werden ausschlie\u00dflich nach vorheriger Vereinbarung vergeben.&nbsp;<span style=\"color: var( --e-global-color-text ); font-family: var( --e-global-typography-text-font-family ), Sans-serif; font-weight: var( --e-global-typography-text-font-weight ); text-align: var(--text-align); background-color: var(--wp--preset--color--base); font-size: var(--wp--preset--font-size--medium);\">Dadurch k\u00f6nnen wir uns ausreichend Zeit f\u00fcr Sie oder Ihr Kind nehmen und&nbsp;<\/span><span style=\"color: var( --e-global-color-text ); font-family: var( --e-global-typography-text-font-family ), Sans-serif; font-weight: var( --e-global-typography-text-font-weight ); text-align: var(--text-align); background-color: var(--wp--preset--color--base); font-size: var(--wp--preset--font-size--medium);\">gew\u00e4hrleisten eine ruhige, angenehme Atmosph\u00e4re ohne lange Wartezeiten.<\/span><\/p>\n<p><strong>Telefonische Terminvereinbarung:<\/strong><\/p>\n<p>Sie erreichen uns unter der Telefonnummer <strong>0676\/9435626<\/strong>. Sollten wir<br>gerade in einer Behandlung sein, hinterlassen Sie uns bitte eine Nachricht \u2013 wir rufen Sie so schnell wie m\u00f6glich zur\u00fcck.<\/p>\n<p><strong>Kontakt per E-Mail:<\/strong><\/p>\n<p>Gerne k\u00f6nnen Sie uns auch per E-Mail unter <strong>jasmin@logopaedie-hobel.at<\/strong> kontaktieren. Bitte geben Sie dabei Ihren Namen, Ihr Anliegen und Ihre Kontaktdaten an, damit wir uns schnellstm\u00f6glich bei Ihnen melden k\u00f6nnen.<\/p>\n<p><strong>Online-Terminvereinbarung:<\/strong><\/p>\n<p>Nutzen Sie auch unser praktisches <strong><a href=\"https:\/\/therastic.com\/logopaedie-hobel\">Online-Warteliste<\/a><\/strong>, um sich in die Warteliste einzutragen.<\/p>\t\t\t\t\t\t\t\t<\/div>\n\t\t\t\t<\/div>\n\t\t\t\t\t<\/div>\n\t\t\t\t<\/div>\n\t\t<div class=\"elementor-element elementor-element-fc9ed87 e-flex e-con-boxed e-con e-parent\" data-id=\"fc9ed87\" data-element_type=\"container\">\n\t\t\t\t\t<div class=\"e-con-inner\">\n\t\t\t\t\t<\/div>\n\t\t\t\t<\/div>\n\t\t\t\t<\/div>\n\t\t","protected":false},"excerpt":{"rendered":"<p>+43 676 9435626 jasmin@logopaedie-hobel.at Kirchweg 4, 9122 St.Kanzian am Klopeiner See Terminvereinbarung Termine in unserer Praxis werden ausschlie\u00dflich nach vorheriger Vereinbarung vergeben.&nbsp;Dadurch k\u00f6nnen wir uns ausreichend Zeit f\u00fcr Sie oder Ihr Kind nehmen und&nbsp;gew\u00e4hrleisten eine ruhige, angenehme Atmosph\u00e4re ohne lange Wartezeiten. Telefonische Terminvereinbarung: Sie erreichen uns unter der Telefonnummer 0676\/9435626. Sollten wirgerade in einer Behandlung [&hellip;]<\/p>\n","protected":false},"author":1,"featured_media":0,"parent":0,"menu_order":0,"comment_status":"closed","ping_status":"closed","template":"","meta":{"footnotes":""},"class_list":["post-60","page","type-page","status-publish","hentry"],"aioseo_notices":[],"_links":{"self":[{"href":"https:\/\/logopaedie-hobel.at\/index.php\/wp-json\/wp\/v2\/pages\/60","targetHints":{"allow":["GET"]}}],"collection":[{"href":"https:\/\/logopaedie-hobel.at\/index.php\/wp-json\/wp\/v2\/pages"}],"about":[{"href":"https:\/\/logopaedie-hobel.at\/index.php\/wp-json\/wp\/v2\/types\/page"}],"author":[{"embeddable":true,"href":"https:\/\/logopaedie-hobel.at\/index.php\/wp-json\/wp\/v2\/users\/1"}],"replies":[{"embeddable":true,"href":"https:\/\/logopaedie-hobel.at\/index.php\/wp-json\/wp\/v2\/comments?post=60"}],"version-history":[{"count":23,"href":"https:\/\/logopaedie-hobel.at\/index.php\/wp-json\/wp\/v2\/pages\/60\/revisions"}],"predecessor-version":[{"id":218,"href":"https:\/\/logopaedie-hobel.at\/index.php\/wp-json\/wp\/v2\/pages\/60\/revisions\/218"}],"wp:attachment":[{"href":"https:\/\/logopaedie-hobel.at\/index.php\/wp-json\/wp\/v2\/media?parent=60"}],"curies":[{"name":"wp","href":"https:\/\/api.w.org\/{rel}","templated":true}]}}