{"id":109,"date":"2025-03-23T16:13:48","date_gmt":"2025-03-23T16:13:48","guid":{"rendered":"https:\/\/logopaedie-hobel.at\/demo\/?page_id=109"},"modified":"2025-03-30T18:45:08","modified_gmt":"2025-03-30T18:45:08","slug":"behandlungsablauf","status":"publish","type":"page","link":"https:\/\/logopaedie-hobel.at\/index.php\/behandlungsablauf\/","title":{"rendered":"Behandlungsablauf"},"content":{"rendered":"\n<h3 class=\"wp-block-heading\">Individuelle Therapieplanung<\/h3>\n\n\n\n<p>Jede Therapie wird individuell auf Sie oder Ihr Kind zugeschnitten. Nach einer ausf\u00fchrlichen Anamnese und Diagnostik erstellen wir gemeinsam mit Ihnen einen Behandlungsplan, der gezielt auf Ihre Bed\u00fcrfnisse abgestimmt wird &#8211; transparent, einf\u00fchlsam und zielorientiert. Wir legen gro\u00dfen Wert auf eine vertrauensvolle und wertsch\u00e4tzende Zusammenarbeit, damit die Therapie f\u00fcr Sie ein Ort der positiven Entwicklung wird. <\/p>\n\n\n\n<h3 class=\"wp-block-heading\">Kontaktaktaufnahme und Terminvereinbarung<\/h3>\n\n\n\n<p>Der erste Schritt zu Ihrer logop\u00e4dischen Behandlung ist die Kontaktaufnahme. Sie k\u00f6nnen uns telefonisch, per E-Mail oder \u00fcber unser Kontaktformular erreichen. Gemeinsam kl\u00e4ren wir erste Fragen und vereinbaren einen Termin f\u00fcr ein Erstgespr\u00e4ch. Falls Sie eine \u00e4rztliche Verordnung (Rezept) f\u00fcr eine logop\u00e4dische Therapie\/Abkl\u00e4rung erhalten haben, bringen Sie diese bitte zum ersten Termin mit.<\/p>\n\n\n\n<div class=\"wp-block-buttons is-layout-flex wp-block-buttons-is-layout-flex\">\n<div class=\"wp-block-button\"><a class=\"wp-block-button__link has-background wp-element-button\" href=\"https:\/\/logopaedie-hobel.at\/index.php\/kontakt\/\" style=\"background-color:#c0ae90;padding-top:var(--wp--preset--spacing--x-small);padding-right:var(--wp--preset--spacing--medium);padding-bottom:var(--wp--preset--spacing--x-small);padding-left:var(--wp--preset--spacing--medium)\">Zur Kontakaufnahme<\/a><\/div>\n<\/div>\n\n\n\n<h3 class=\"wp-block-heading\">Anamnese und Diagnostik<\/h3>\n\n\n\n<p>Beim ersten Termin findet eine ausf\u00fchrliche Anamnese statt. In einem pers\u00f6nlichen Gespr\u00e4ch verschaffen wir uns einen \u00dcberblick \u00fcber Ihre individuellen Anliegen, Beschwerden und Ziele. Anschlie\u00dfend f\u00fchren wir gezielte Diagnostikverfahren durch, um die Art und Auspr\u00e4gung der St\u00f6rung genau zu erfassen. Auf dieser Grundlage erstelle ich eine fundierte Diagnose, die als Basis f\u00fcr den weiteren Behandlungsplan dient.<\/p>\n\n\n\n<h3 class=\"wp-block-heading\">Therapieplanung<\/h3>\n\n\n\n<p>Nach der Diagnostik besprechen wir mit Ihnen die Ergebnisse und entwickeln einen individuellen Therapieplan. Dabei ber\u00fccksichtigen wir Ihre pers\u00f6nlichen Bed\u00fcrfnisse, Ziele und Lebensumst\u00e4nde. Der Therapieplan umfasst:<\/p>\n\n\n\n<ul class=\"wp-block-list\">\n<li>Die Festlegung der Therapieziele<\/li>\n\n\n\n<li>Die Wahl der passenden Therapiemethoden<\/li>\n<\/ul>\n\n\n\n<p>Nat\u00fcrlich bleiben wir w\u00e4hrend des gesamten Behandlungsprozesses flexibel und passen die Therapie bei Bedarf an.<\/p>\n\n\n\n<h3 class=\"wp-block-heading\">Therapie<\/h3>\n\n\n\n<p>Die logop\u00e4dische Behandlung erfolgt in regelm\u00e4\u00dfigen Sitzungen, die individuell auf Ihre Bed\u00fcrfnisse abgestimmt sind. Je nach St\u00f6rungsbild arbeiten wir gezielt an der Erreichung der vereinbarten Ziele. Dabei setzen wir auf moderne, wissenschaftlich fundierte Methoden und eine einf\u00fchlsame Begleitung. <\/p>\n\n\n\n<p>Auch Ihre aktive Mitarbeit spielt eine wichtige Rolle: Wir erarbeiten gemeinsam \u00dcbungen, die Sie zu Hause umsetzen k\u00f6nnen, um den Therapieerfolg zu unterst\u00fctzen.<\/p>\n\n\n\n<div class=\"wp-block-buttons is-layout-flex wp-block-buttons-is-layout-flex\">\n<div class=\"wp-block-button\"><a class=\"wp-block-button__link has-background wp-element-button\" href=\"https:\/\/logopaedie-hobel.at\/index.php\/leistungen\/\" style=\"background-color:#c0ae90;padding-top:var(--wp--preset--spacing--x-small);padding-right:var(--wp--preset--spacing--medium);padding-bottom:var(--wp--preset--spacing--x-small);padding-left:var(--wp--preset--spacing--medium)\">Zu den Leistungen<\/a><\/div>\n<\/div>\n\n\n\n<h3 class=\"wp-block-heading\">Therapieabschluss und Nachbetreuung<\/h3>\n\n\n\n<p>Nach Erreichen der Therapieziele f\u00fchren wir ein Abschlussgespr\u00e4ch. Dabei besprechen wir die Fortschritte, geben Ihnen Tipps f\u00fcr den Alltag und erarbeiten Strategien, um die erzielten Erfolge langfristig zu sichern.<\/p>\n\n\n\n<p>Falls notwendig, k\u00f6nnen auch Folgebehandlungen oder Kontrolltermine vereinbart werden. Unser Ziel ist es, Sie bestm\u00f6glich auf Ihrem Weg zu begleiten \u2013 auch \u00fcber die eigentliche Therapie hinaus.<\/p>\n\n\n\n<p><strong>Wir freuen uns darauf, Sie auf Ihrem Weg zu mehr Kommunikationsf\u00e4higkeit zu begleiten!<\/strong><\/p>\n\n\n\n<p><\/p>\n","protected":false},"excerpt":{"rendered":"<p>Individuelle Therapieplanung Jede Therapie wird individuell auf Sie oder Ihr Kind zugeschnitten. Nach einer ausf\u00fchrlichen Anamnese und Diagnostik erstellen wir gemeinsam mit Ihnen einen Behandlungsplan, der gezielt auf Ihre Bed\u00fcrfnisse abgestimmt wird &#8211; transparent, einf\u00fchlsam und zielorientiert. Wir legen gro\u00dfen Wert auf eine vertrauensvolle und wertsch\u00e4tzende Zusammenarbeit, damit die Therapie f\u00fcr Sie ein Ort der [&hellip;]<\/p>\n","protected":false},"author":1,"featured_media":0,"parent":0,"menu_order":0,"comment_status":"closed","ping_status":"closed","template":"","meta":{"footnotes":""},"class_list":["post-109","page","type-page","status-publish","hentry"],"aioseo_notices":[],"_links":{"self":[{"href":"https:\/\/logopaedie-hobel.at\/index.php\/wp-json\/wp\/v2\/pages\/109","targetHints":{"allow":["GET"]}}],"collection":[{"href":"https:\/\/logopaedie-hobel.at\/index.php\/wp-json\/wp\/v2\/pages"}],"about":[{"href":"https:\/\/logopaedie-hobel.at\/index.php\/wp-json\/wp\/v2\/types\/page"}],"author":[{"embeddable":true,"href":"https:\/\/logopaedie-hobel.at\/index.php\/wp-json\/wp\/v2\/users\/1"}],"replies":[{"embeddable":true,"href":"https:\/\/logopaedie-hobel.at\/index.php\/wp-json\/wp\/v2\/comments?post=109"}],"version-history":[{"count":8,"href":"https:\/\/logopaedie-hobel.at\/index.php\/wp-json\/wp\/v2\/pages\/109\/revisions"}],"predecessor-version":[{"id":152,"href":"https:\/\/logopaedie-hobel.at\/index.php\/wp-json\/wp\/v2\/pages\/109\/revisions\/152"}],"wp:attachment":[{"href":"https:\/\/logopaedie-hobel.at\/index.php\/wp-json\/wp\/v2\/media?parent=109"}],"curies":[{"name":"wp","href":"https:\/\/api.w.org\/{rel}","templated":true}]}}